{"id":135,"date":"2016-06-05T19:56:33","date_gmt":"2016-06-05T17:56:33","guid":{"rendered":"http:\/\/www.kimatrade.sk\/?page_id=135"},"modified":"2016-06-17T19:05:43","modified_gmt":"2016-06-17T17:05:43","slug":"dodatocna-vybava","status":"publish","type":"page","link":"https:\/\/www.kimatrade.sk\/?page_id=135","title":{"rendered":"DODATO\u010cNA VYBAVA"},"content":{"rendered":"<table width=\"671\">\n<tbody>\n<tr>\n<td width=\"180\">V\u00fdbava \/ kontajner<\/td>\n<td width=\"76\">SKLADOV\u00dd<\/td>\n<td width=\"95\">ECO<\/td>\n<td width=\"91\">IZOLOVAN\u00dd<\/td>\n<td width=\"117\">TECHNOLOGICK\u00dd<\/td>\n<td style=\"text-align: center;\" width=\"113\">KANCEL\u00c1RSKY A KOMBINOVAN\u00dd<\/td>\n<\/tr>\n<tr>\n<td width=\"180\">ELEKTRO<\/td>\n<td style=\"text-align: center;\" width=\"76\">x<\/td>\n<td style=\"text-align: center;\" width=\"95\">x<\/td>\n<td style=\"text-align: center;\" width=\"91\">x<\/td>\n<td style=\"text-align: center;\" width=\"117\">x<\/td>\n<td style=\"text-align: center;\" width=\"113\">S<\/td>\n<\/tr>\n<tr>\n<td width=\"180\">OKNO PVC + ROLETA<\/td>\n<td style=\"text-align: center;\" width=\"76\">x<\/td>\n<td style=\"text-align: center;\" width=\"95\">x<\/td>\n<td style=\"text-align: center;\" width=\"91\">x<\/td>\n<td style=\"text-align: center;\" width=\"117\">x<\/td>\n<td style=\"text-align: center;\" width=\"113\">S<\/td>\n<\/tr>\n<tr>\n<td width=\"180\">DVERE 1 KR\u00cdDLOV\u00c9 ZK, MZ<\/td>\n<td style=\"text-align: center;\" width=\"76\">x<\/td>\n<td style=\"text-align: center;\" width=\"95\">x<\/td>\n<td style=\"text-align: center;\" width=\"91\">x<\/td>\n<td style=\"text-align: center;\" width=\"117\">x<\/td>\n<td style=\"text-align: center;\" width=\"113\">S<\/td>\n<\/tr>\n<tr>\n<td width=\"180\">POZINKOVAN\u00c9 TY\u010cE<\/td>\n<td style=\"text-align: center;\" width=\"76\">x<\/td>\n<td style=\"text-align: center;\" width=\"95\">x<\/td>\n<td style=\"text-align: center;\" width=\"91\">x<\/td>\n<td style=\"text-align: center;\" width=\"117\">x<\/td>\n<td style=\"text-align: center;\" width=\"113\">x<\/td>\n<\/tr>\n<tr>\n<td width=\"180\">PANIKOV\u00dd Z\u00c1MOK<\/td>\n<td style=\"text-align: center;\" width=\"76\">x<\/td>\n<td style=\"text-align: center;\" width=\"95\">x<\/td>\n<td style=\"text-align: center;\" width=\"91\">x<\/td>\n<td style=\"text-align: center;\" width=\"117\">x<\/td>\n<td style=\"text-align: center;\" width=\"113\">x<\/td>\n<\/tr>\n<tr>\n<td width=\"180\">DODATO\u010cN\u00c9 ISTENIE Cylindrick\u00fd z\u00e1mok<\/td>\n<td style=\"text-align: center;\" width=\"76\">x<\/td>\n<td style=\"text-align: center;\" width=\"95\">x<\/td>\n<td style=\"text-align: center;\" width=\"91\">x<\/td>\n<td style=\"text-align: center;\" width=\"117\">x<\/td>\n<td style=\"text-align: center;\" width=\"113\">x<\/td>\n<\/tr>\n<tr>\n<td width=\"180\">\n<p>DODATO\u010cN\u00c9 ISTENIE<\/p>\n<p>Uzamykacia ty\u010d<\/p>\n<\/td>\n<td style=\"text-align: center;\" width=\"76\">x<\/td>\n<td style=\"text-align: center;\" width=\"95\">x<\/td>\n<td style=\"text-align: center;\" width=\"91\">x<\/td>\n<td style=\"text-align: center;\" width=\"117\">x<\/td>\n<td style=\"text-align: center;\" width=\"113\">O<\/td>\n<\/tr>\n<tr>\n<td width=\"180\">POLICE<\/td>\n<td style=\"text-align: center;\" width=\"76\">x<\/td>\n<td style=\"text-align: center;\" width=\"95\">x<\/td>\n<td style=\"text-align: center;\" width=\"91\">x<\/td>\n<td style=\"text-align: center;\" width=\"117\">x<\/td>\n<td style=\"text-align: center;\" width=\"113\">O<\/td>\n<\/tr>\n<tr>\n<td width=\"180\">AB ROLL R\u00c1M<\/td>\n<td style=\"text-align: center;\" width=\"76\">x<\/td>\n<td style=\"text-align: center;\" width=\"95\">x<\/td>\n<td style=\"text-align: center;\" width=\"91\">x<\/td>\n<td style=\"text-align: center;\" width=\"117\">x<\/td>\n<td style=\"text-align: center;\" width=\"113\">x<\/td>\n<\/tr>\n<tr>\n<td width=\"180\">N\u00c1JAZDOV\u00c1 RAMPA<\/td>\n<td style=\"text-align: center;\" width=\"76\">x<\/td>\n<td style=\"text-align: center;\" width=\"95\">x<\/td>\n<td style=\"text-align: center;\" width=\"91\">x<\/td>\n<td style=\"text-align: center;\" width=\"117\">x<\/td>\n<td style=\"text-align: center;\" width=\"113\">O<\/td>\n<\/tr>\n<tr>\n<td width=\"180\">DODATO\u010cN\u00c9 VETRANIE<\/td>\n<td style=\"text-align: center;\" width=\"76\">x<\/td>\n<td style=\"text-align: center;\" width=\"95\">x<\/td>\n<td style=\"text-align: center;\" width=\"91\">x<\/td>\n<td style=\"text-align: center;\" width=\"117\">x<\/td>\n<td style=\"text-align: center;\" width=\"113\">O<\/td>\n<\/tr>\n<\/tbody>\n<\/table>\n<p>S \u2013 \u0161tandardn\u00e1 v\u00fdbava,\u00a0 X \u2013 na \u017eelanie,\u00a0 O \u2013 nedod\u00e1va sa<\/p>\n<p>[Best_Wordpress_Gallery id=&#8220;6&#8243; gal_title=&#8220;Dodatocna vybava&#8220;]<\/p>\n","protected":false},"excerpt":{"rendered":"<p>V\u00fdbava \/ kontajner SKLADOV\u00dd ECO IZOLOVAN\u00dd TECHNOLOGICK\u00dd KANCEL\u00c1RSKY A KOMBINOVAN\u00dd ELEKTRO x x x x S OKNO PVC + ROLETA<\/p>\n","protected":false},"author":1,"featured_media":0,"parent":71,"menu_order":0,"comment_status":"closed","ping_status":"closed","template":"","meta":{"colormag_page_container_layout":"default_layout","colormag_page_sidebar_layout":"default_layout","footnotes":""},"class_list":["post-135","page","type-page","status-publish","hentry"],"_links":{"self":[{"href":"https:\/\/www.kimatrade.sk\/index.php?rest_route=\/wp\/v2\/pages\/135","targetHints":{"allow":["GET"]}}],"collection":[{"href":"https:\/\/www.kimatrade.sk\/index.php?rest_route=\/wp\/v2\/pages"}],"about":[{"href":"https:\/\/www.kimatrade.sk\/index.php?rest_route=\/wp\/v2\/types\/page"}],"author":[{"embeddable":true,"href":"https:\/\/www.kimatrade.sk\/index.php?rest_route=\/wp\/v2\/users\/1"}],"replies":[{"embeddable":true,"href":"https:\/\/www.kimatrade.sk\/index.php?rest_route=%2Fwp%2Fv2%2Fcomments&post=135"}],"version-history":[{"count":7,"href":"https:\/\/www.kimatrade.sk\/index.php?rest_route=\/wp\/v2\/pages\/135\/revisions"}],"predecessor-version":[{"id":177,"href":"https:\/\/www.kimatrade.sk\/index.php?rest_route=\/wp\/v2\/pages\/135\/revisions\/177"}],"up":[{"embeddable":true,"href":"https:\/\/www.kimatrade.sk\/index.php?rest_route=\/wp\/v2\/pages\/71"}],"wp:attachment":[{"href":"https:\/\/www.kimatrade.sk\/index.php?rest_route=%2Fwp%2Fv2%2Fmedia&parent=135"}],"curies":[{"name":"wp","href":"https:\/\/api.w.org\/{rel}","templated":true}]}}