{"id":6,"date":"2014-09-06T10:46:08","date_gmt":"2014-09-06T08:46:08","guid":{"rendered":"http:\/\/www.kimatrade.sk\/?page_id=6"},"modified":"2018-09-14T20:53:14","modified_gmt":"2018-09-14T18:53:14","slug":"uvod","status":"publish","type":"page","link":"https:\/\/www.kimatrade.sk\/","title":{"rendered":"O n\u00e1s"},"content":{"rendered":"<p>Hist\u00f3ria spolo\u010dnosti<\/p>\n<p>Spolo\u010dnos\u0165 KIMA TRADE bola zalo\u017een\u00e1 v\u00a0roku 2008 ako rodinn\u00e1 firma pon\u00fakaj\u00faca nov\u00e9 rie\u0161enia a\u00a0v\u00fdrobky v\u00a0stroj\u00e1renskom priemysle hlavne vo v\u00fdrobe oce\u013eov\u00fdch kontajnerov. Do roku 2014 spolo\u010dnos\u0165 fungovala ako obchodn\u00e1, poradensk\u00e1, servisn\u00e1 a v\u00fdvoj\u00e1rska pre v\u00fdrobn\u00e9 spolo\u010dnosti.<\/p>\n<p>Od\u00a0roku 2014 spolo\u010dnos\u0165 funguje samostatne s\u00a0inovat\u00edvnymi met\u00f3dami pri v\u00fdrobe a\u00a0v\u00fdvoji oce\u013eov\u00fdch kontajnerov a\u00a0oce\u013eov\u00fdch kon\u0161trukci\u00ed.<\/p>\n<p>Na\u0161im z\u00e1kazn\u00edkom pon\u00fakame v\u0161etky na\u0161e sk\u00fasenosti, seri\u00f3znos\u0165, rie\u0161enia,\u00a0kvalitu a\u00a0spokojnos\u0165 z\u00e1kazn\u00edka, ktor\u00e1 je pre n\u00e1s na prvom mieste.<\/p>\n<p>Od roku 2018 spolo\u010dnos\u0165 KIMA TRADE roz\u0161iruje svoje aktivity v\u00a0stroj\u00e1rskej v\u00fdrobe a\u00a0ponuka klientom nasledovn\u00e9 \u010dinnosti:<\/p>\n<ul>\n<li>Delenie a\u00a0rezanie materi\u00e1lu ( oce\u013e, nerez )<\/li>\n<li>Tv\u00e1rnenie materi\u00e1lu (CNC oh\u00fdbanie plechov)<\/li>\n<li>Trieskov\u00e9 obr\u00e1banie materi\u00e1lu<\/li>\n<li>Zv\u00e1ranie a\u00a0mont\u00e1\u017e strojn\u00fa i elektro<\/li>\n<li>Povrchov\u00e1 \u00faprava<\/li>\n<li>Projek\u010dn\u00e9 a kon\u0161truk\u010dn\u00e9 pr\u00e1ce (v stroj\u00e1rstve a\u00a0elektrotechnike)<\/li>\n<\/ul>\n<p><!--:--><\/p>\n","protected":false},"excerpt":{"rendered":"<p>Hist\u00f3ria spolo\u010dnosti Spolo\u010dnos\u0165 KIMA TRADE bola zalo\u017een\u00e1 v\u00a0roku 2008 ako rodinn\u00e1 firma pon\u00fakaj\u00faca nov\u00e9 rie\u0161enia a\u00a0v\u00fdrobky v\u00a0stroj\u00e1renskom priemysle hlavne vo<\/p>\n","protected":false},"author":1,"featured_media":0,"parent":0,"menu_order":0,"comment_status":"closed","ping_status":"closed","template":"","meta":{"colormag_page_container_layout":"default_layout","colormag_page_sidebar_layout":"default_layout","footnotes":""},"class_list":["post-6","page","type-page","status-publish","hentry"],"_links":{"self":[{"href":"https:\/\/www.kimatrade.sk\/index.php?rest_route=\/wp\/v2\/pages\/6","targetHints":{"allow":["GET"]}}],"collection":[{"href":"https:\/\/www.kimatrade.sk\/index.php?rest_route=\/wp\/v2\/pages"}],"about":[{"href":"https:\/\/www.kimatrade.sk\/index.php?rest_route=\/wp\/v2\/types\/page"}],"author":[{"embeddable":true,"href":"https:\/\/www.kimatrade.sk\/index.php?rest_route=\/wp\/v2\/users\/1"}],"replies":[{"embeddable":true,"href":"https:\/\/www.kimatrade.sk\/index.php?rest_route=%2Fwp%2Fv2%2Fcomments&post=6"}],"version-history":[{"count":37,"href":"https:\/\/www.kimatrade.sk\/index.php?rest_route=\/wp\/v2\/pages\/6\/revisions"}],"predecessor-version":[{"id":254,"href":"https:\/\/www.kimatrade.sk\/index.php?rest_route=\/wp\/v2\/pages\/6\/revisions\/254"}],"wp:attachment":[{"href":"https:\/\/www.kimatrade.sk\/index.php?rest_route=%2Fwp%2Fv2%2Fmedia&parent=6"}],"curies":[{"name":"wp","href":"https:\/\/api.w.org\/{rel}","templated":true}]}}